{"id":2,"date":"2022-07-27T16:43:40","date_gmt":"2022-07-27T16:43:40","guid":{"rendered":"https:\/\/sabbes.fi\/?page_id=2"},"modified":"2025-09-20T10:46:38","modified_gmt":"2025-09-20T10:46:38","slug":"coming-soon","status":"publish","type":"page","link":"https:\/\/sabbes.fi\/","title":{"rendered":"Sabbes hoidot ja valmennukset"},"content":{"rendered":"\n<div class=\"wp-block-group alignfull has-global-padding is-layout-constrained wp-block-group-is-layout-constrained\">\n<div class=\"wp-block-cover alignfull\" style=\"margin-top:0;min-height:40vw;aspect-ratio:unset;\"><img loading=\"lazy\" decoding=\"async\" width=\"579\" height=\"1024\" class=\"wp-block-cover__image-background wp-image-246 size-large\" alt=\"\" src=\"https:\/\/sabbes.fi\/wp-content\/uploads\/2025\/08\/Mainokseen_7.8.2025-579x1024.jpg\" style=\"object-position:50% 40%\" data-object-fit=\"cover\" data-object-position=\"50% 40%\" srcset=\"https:\/\/sabbes.fi\/wp-content\/uploads\/2025\/08\/Mainokseen_7.8.2025-579x1024.jpg 579w, https:\/\/sabbes.fi\/wp-content\/uploads\/2025\/08\/Mainokseen_7.8.2025-170x300.jpg 170w, https:\/\/sabbes.fi\/wp-content\/uploads\/2025\/08\/Mainokseen_7.8.2025-768x1358.jpg 768w, https:\/\/sabbes.fi\/wp-content\/uploads\/2025\/08\/Mainokseen_7.8.2025-868x1536.jpg 868w, https:\/\/sabbes.fi\/wp-content\/uploads\/2025\/08\/Mainokseen_7.8.2025-1158x2048.jpg 1158w, https:\/\/sabbes.fi\/wp-content\/uploads\/2025\/08\/Mainokseen_7.8.2025-1200x2122.jpg 1200w, https:\/\/sabbes.fi\/wp-content\/uploads\/2025\/08\/Mainokseen_7.8.2025-1980x3502.jpg 1980w, https:\/\/sabbes.fi\/wp-content\/uploads\/2025\/08\/Mainokseen_7.8.2025-scaled.jpg 1447w\" sizes=\"auto, (max-width: 579px) 100vw, 579px\" \/><span aria-hidden=\"true\" class=\"wp-block-cover__background has-background-dim-10 has-background-dim\" style=\"background-color:#a41f95\"><\/span><div class=\"wp-block-cover__inner-container is-layout-flow wp-block-cover-is-layout-flow\">\n<div class=\"wp-block-group has-global-padding is-layout-constrained wp-block-group-is-layout-constrained\">\n<div class=\"wp-block-group alignwide is-vertical is-content-justification-center is-layout-flex wp-container-core-group-is-layout-c4ca2496 wp-block-group-is-layout-flex\" style=\"padding-top:var(--wp--preset--spacing--40);padding-right:var(--wp--preset--spacing--50);padding-bottom:var(--wp--preset--spacing--40);padding-left:var(--wp--preset--spacing--50)\">\n<div style=\"height:0px\" aria-hidden=\"true\" class=\"wp-block-spacer wp-container-content-cf2db169\"><\/div>\n\n\n\n<figure class=\"wp-block-image size-full\"><img loading=\"lazy\" decoding=\"async\" width=\"600\" height=\"92\" src=\"https:\/\/sabbes.fi\/wp-content\/uploads\/2025\/09\/Sabbes-logo-white-web-1.png\" alt=\"\" class=\"wp-image-405\" style=\"object-fit:cover\" srcset=\"https:\/\/sabbes.fi\/wp-content\/uploads\/2025\/09\/Sabbes-logo-white-web-1.png 600w, https:\/\/sabbes.fi\/wp-content\/uploads\/2025\/09\/Sabbes-logo-white-web-1-300x46.png 300w\" sizes=\"auto, (max-width: 600px) 100vw, 600px\" \/><\/figure>\n\n\n\n<div style=\"height:0px\" aria-hidden=\"true\" class=\"wp-block-spacer wp-container-content-af3d81f1\"><\/div>\n\n\n\n<h1 class=\"wp-block-heading has-text-align-center has-base-color has-text-color\" style=\"font-size:clamp(1.551rem, 1.551rem + ((1vw - 0.2rem) * 1.748), 2.6rem);\">\u00c4\u00e4nimaljahoidot ja valmennukset<\/h1>\n\n\n\n<div style=\"height:0px\" aria-hidden=\"true\" class=\"wp-block-spacer wp-container-content-cf2db169\"><\/div>\n<\/div>\n<\/div>\n<\/div><\/div>\n<\/div>\n\n\n\n<div class=\"wp-block-group alignfull has-base-background-color has-background has-global-padding is-layout-constrained wp-container-core-group-is-layout-d89aad35 wp-block-group-is-layout-constrained\" style=\"margin-top:0;margin-bottom:0;padding-top:var(--wp--preset--spacing--50);padding-right:var(--wp--preset--spacing--50);padding-bottom:var(--wp--preset--spacing--50);padding-left:var(--wp--preset--spacing--50)\">\n<div class=\"wp-block-columns alignwide is-layout-flex wp-container-core-columns-is-layout-1da03c2a wp-block-columns-is-layout-flex\">\n<div class=\"wp-block-column is-vertically-aligned-center is-layout-flow wp-block-column-is-layout-flow\" style=\"flex-basis:60%\">\n<figure class=\"wp-block-image size-full is-resized is-style-rounded wp-duotone-unset-2 is-style-rounded--1\"><img loading=\"lazy\" decoding=\"async\" width=\"627\" height=\"418\" src=\"https:\/\/sabbes.fi\/wp-content\/uploads\/2023\/03\/Aanimalja_Nettisivu_sabbes.fi_.jpg\" alt=\"\" class=\"wp-image-74\" style=\"aspect-ratio:4\/3;object-fit:cover;width:700px\" srcset=\"https:\/\/sabbes.fi\/wp-content\/uploads\/2023\/03\/Aanimalja_Nettisivu_sabbes.fi_.jpg 627w, https:\/\/sabbes.fi\/wp-content\/uploads\/2023\/03\/Aanimalja_Nettisivu_sabbes.fi_-300x200.jpg 300w\" sizes=\"auto, (max-width: 627px) 100vw, 627px\" \/><\/figure>\n<\/div>\n\n\n\n<div class=\"wp-block-column is-vertically-aligned-center is-layout-flow wp-block-column-is-layout-flow\" style=\"flex-basis:40%\">\n<h2 class=\"wp-block-heading has-text-color has-link-color wp-elements-cd95d5f0e5c0b285c5bf2d508b9bd097\" style=\"color:#090e56\">\u00c4\u00e4nimaljahoidot<\/h2>\n\n\n\n<p>\u00c4\u00e4nimaljahoito on koko kehon syv\u00e4rentouttava kokemus, jonka vaikutus perustuu resonanssiin eli my\u00f6t\u00e4v\u00e4r\u00e4htelyyn ja \u00e4\u00e4niaaltoihin.<\/p>\n\n\n\n<div class=\"wp-block-buttons is-layout-flex wp-block-buttons-is-layout-flex\">\n<div class=\"wp-block-button is-style-fill\"><a class=\"wp-block-button__link has-background wp-element-button\" href=\"https:\/\/sabbes.fi\/?page_id=70\" style=\"background-color:#050f8d\">Tutustu<\/a><\/div>\n<\/div>\n<\/div>\n<\/div>\n<\/div>\n\n\n\n<div class=\"wp-block-group alignfull has-background has-global-padding is-layout-constrained wp-container-core-group-is-layout-d89aad35 wp-block-group-is-layout-constrained\" style=\"background-color:#bca3c48f;margin-top:0;margin-bottom:0;padding-top:var(--wp--preset--spacing--50);padding-right:var(--wp--preset--spacing--50);padding-bottom:var(--wp--preset--spacing--50);padding-left:var(--wp--preset--spacing--50)\">\n<div class=\"wp-block-columns alignwide is-layout-flex wp-container-core-columns-is-layout-1da03c2a wp-block-columns-is-layout-flex\">\n<div class=\"wp-block-column is-vertically-aligned-center is-layout-flow wp-block-column-is-layout-flow\" style=\"flex-basis:60%\">\n<figure class=\"wp-block-image size-full is-resized is-style-rounded wp-duotone-unset-4 is-style-rounded--3\"><img loading=\"lazy\" decoding=\"async\" width=\"2560\" height=\"2560\" src=\"https:\/\/sabbes.fi\/wp-content\/uploads\/2023\/07\/Valmentamo-474-edited-scaled.jpg\" alt=\"\" class=\"wp-image-98\" style=\"aspect-ratio:4\/3;object-fit:cover;width:700px\" srcset=\"https:\/\/sabbes.fi\/wp-content\/uploads\/2023\/07\/Valmentamo-474-edited-scaled.jpg 2560w, https:\/\/sabbes.fi\/wp-content\/uploads\/2023\/07\/Valmentamo-474-edited-300x300.jpg 300w, https:\/\/sabbes.fi\/wp-content\/uploads\/2023\/07\/Valmentamo-474-edited-1024x1024.jpg 1024w, https:\/\/sabbes.fi\/wp-content\/uploads\/2023\/07\/Valmentamo-474-edited-150x150.jpg 150w, https:\/\/sabbes.fi\/wp-content\/uploads\/2023\/07\/Valmentamo-474-edited-768x768.jpg 768w, https:\/\/sabbes.fi\/wp-content\/uploads\/2023\/07\/Valmentamo-474-edited-1536x1536.jpg 1536w, https:\/\/sabbes.fi\/wp-content\/uploads\/2023\/07\/Valmentamo-474-edited-2048x2048.jpg 2048w\" sizes=\"auto, (max-width: 2560px) 100vw, 2560px\" \/><\/figure>\n<\/div>\n\n\n\n<div class=\"wp-block-column is-vertically-aligned-center is-layout-flow wp-block-column-is-layout-flow\" style=\"flex-basis:40%\">\n<h2 class=\"wp-block-heading has-text-color has-link-color wp-elements-f89130ca755d45f9b7c433b08ca7b46f\" style=\"color:#090e56\">Valmennukset<\/h2>\n\n\n\n<p>Kaipaatko uutta suuntaa?&nbsp;Haluatko vahvistaa itsetuntosi, kirkastaa tavoitteitasi tai l\u00f6yt\u00e4\u00e4 enemm\u00e4n iloa ja merkityksellisyytt\u00e4 arkeen? LCF-valmennus on tehokas ty\u00f6kalu oman potentiaalisi avaamiseen!<\/p>\n\n\n\n<div class=\"wp-block-buttons is-layout-flex wp-block-buttons-is-layout-flex\">\n<div class=\"wp-block-button is-style-fill\"><a class=\"wp-block-button__link has-background wp-element-button\" href=\"https:\/\/sabbes.fi\/?page_id=35\" style=\"background-color:#050f8d\">Tutustu<\/a><\/div>\n<\/div>\n<\/div>\n<\/div>\n<\/div>\n\n\n\n<div class=\"wp-block-group alignfull has-base-background-color has-background has-global-padding is-layout-constrained wp-container-core-group-is-layout-d89aad35 wp-block-group-is-layout-constrained\" style=\"margin-top:0;margin-bottom:0;padding-top:var(--wp--preset--spacing--50);padding-right:var(--wp--preset--spacing--50);padding-bottom:var(--wp--preset--spacing--50);padding-left:var(--wp--preset--spacing--50)\">\n<div class=\"wp-block-columns alignwide is-layout-flex wp-container-core-columns-is-layout-1da03c2a wp-block-columns-is-layout-flex\">\n<div class=\"wp-block-column is-vertically-aligned-center is-layout-flow wp-block-column-is-layout-flow\" style=\"flex-basis:60%\">\n<figure class=\"wp-block-image size-full is-resized is-style-rounded wp-duotone-unset-6 is-style-rounded--5\"><img loading=\"lazy\" decoding=\"async\" width=\"1200\" height=\"1600\" src=\"https:\/\/sabbes.fi\/wp-content\/uploads\/2024\/11\/FP-8.jpg\" alt=\"\" class=\"wp-image-182\" style=\"aspect-ratio:4\/3;object-fit:cover;width:700px\" srcset=\"https:\/\/sabbes.fi\/wp-content\/uploads\/2024\/11\/FP-8.jpg 1200w, https:\/\/sabbes.fi\/wp-content\/uploads\/2024\/11\/FP-8-225x300.jpg 225w, https:\/\/sabbes.fi\/wp-content\/uploads\/2024\/11\/FP-8-768x1024.jpg 768w, https:\/\/sabbes.fi\/wp-content\/uploads\/2024\/11\/FP-8-1152x1536.jpg 1152w\" sizes=\"auto, (max-width: 1200px) 100vw, 1200px\" \/><\/figure>\n<\/div>\n\n\n\n<div class=\"wp-block-column is-vertically-aligned-center is-layout-flow wp-block-column-is-layout-flow\" style=\"flex-basis:40%\">\n<h2 class=\"wp-block-heading has-text-color has-link-color wp-elements-4e5435a66302b063d41a2b9fcd516196\" style=\"color:#090e56\">Tulevat tapahtumat<\/h2>\n\n\n\n<p>Panosta t\u00e4n\u00e4 syksyn\u00e4 omaan jaksamiseesi ja hyvinvointiisi. Katso tulevat tapahtumat t\u00e4\u00e4lt\u00e4 ja varaa paikkasi.<\/p>\n\n\n\n<div class=\"wp-block-buttons is-layout-flex wp-block-buttons-is-layout-flex\">\n<div class=\"wp-block-button is-style-fill\"><a class=\"wp-block-button__link has-background wp-element-button\" href=\"https:\/\/sabbes.fi\/?page_id=204\" style=\"background-color:#050f8d\">Lue lis\u00e4\u00e4<\/a><\/div>\n<\/div>\n<\/div>\n<\/div>\n<\/div>\n\n\n\n<div class=\"wp-block-group has-global-padding is-layout-constrained wp-block-group-is-layout-constrained\">\n<h2 class=\"wp-block-heading has-large-font-size\">Pitk\u00e4st\u00e4 kokemuksesta voimaa auttaa muita<\/h2>\n\n\n\n<p>Olen viett\u00e4nyt pitk\u00e4n uran yritysmaailmassa, ja olen n\u00e4hnyt l\u00e4helt\u00e4, millaista stressi ja uupumus voivat olla. T\u00e4m\u00e4 her\u00e4tti minussa halun auttaa muita l\u00f6yt\u00e4m\u00e4\u00e4n tasapainoa ja voimaa arkeen.<\/p>\n\n\n\n<p>Tarjoan valmennusta, jonka avulla voit paloitella isotkin haasteet pienemmiksi ja helpommin hallittaviksi. Voimme keskitty\u00e4 esimerkiksi ajanhallintaan, stressinhallintaan, el\u00e4m\u00e4npolkusi l\u00f6yt\u00e4miseen tai tasapainon l\u00f6yt\u00e4miseen eri el\u00e4m\u00e4nalueilla.<\/p>\n\n\n\n<p>Jos etsit syv\u00e4\u00e4 rentoutusta, \u00e4\u00e4nimaljahoitoni ovat sinua varten. \u00c4\u00e4nimaljahoitojen avulla voit saavuttaa syv\u00e4n rentoutumisen tilan ja lievitt\u00e4\u00e4 stressi\u00e4 sek\u00e4 uupumusta.<\/p>\n\n\n\n<div style=\"height:8px\" aria-hidden=\"true\" class=\"wp-block-spacer\"><\/div>\n\n\n\n<div class=\"wp-block-columns is-layout-flex wp-container-core-columns-is-layout-6cedfde3 wp-block-columns-is-layout-flex\">\n<div class=\"wp-block-column is-layout-flow wp-block-column-is-layout-flow\">\n<h2 class=\"wp-block-heading has-large-font-size\">Ota yhteytt\u00e4<\/h2>\n\n\n\n<p>Otathan yhteytt\u00e4, jos joku n\u00e4ist\u00e4 kiinnostaa tai haluat r\u00e4\u00e4t\u00e4l\u00f6id\u00e4 sinulle sopivan kokonaisuuden. Yhteystiedot alla.<\/p>\n\n\n\n<p><a href=\"mailto:sabbesoyab@gmail.com\">sabbesoyab@gmail.com<\/a><\/p>\n\n\n\n<p>+358 40 591 4848<\/p>\n\n\n\n<p><a href=\"https:\/\/www.linkedin.com\/in\/sabinafinnila\/\">LinkedIn<\/a><\/p>\n<\/div>\n\n\n\n<div class=\"wp-block-column is-layout-flow wp-block-column-is-layout-flow\">\n<figure class=\"wp-block-image aligncenter size-medium has-custom-border is-style-default\"><img loading=\"lazy\" decoding=\"async\" width=\"300\" height=\"300\" src=\"https:\/\/sabbes.fi\/wp-content\/uploads\/2023\/07\/Valmentamo-519-edited-1-300x300.jpg\" alt=\"\" class=\"wp-image-87\" style=\"border-style:none;border-width:0px;border-radius:900px\" srcset=\"https:\/\/sabbes.fi\/wp-content\/uploads\/2023\/07\/Valmentamo-519-edited-1-300x300.jpg 300w, https:\/\/sabbes.fi\/wp-content\/uploads\/2023\/07\/Valmentamo-519-edited-1-1024x1024.jpg 1024w, https:\/\/sabbes.fi\/wp-content\/uploads\/2023\/07\/Valmentamo-519-edited-1-150x150.jpg 150w, https:\/\/sabbes.fi\/wp-content\/uploads\/2023\/07\/Valmentamo-519-edited-1-768x768.jpg 768w, https:\/\/sabbes.fi\/wp-content\/uploads\/2023\/07\/Valmentamo-519-edited-1-1536x1536.jpg 1536w, https:\/\/sabbes.fi\/wp-content\/uploads\/2023\/07\/Valmentamo-519-edited-1-2048x2048.jpg 2048w\" sizes=\"auto, (max-width: 300px) 100vw, 300px\" \/><\/figure>\n<\/div>\n<\/div>\n<\/div>\n\n\n\n<div style=\"height:var(--wp--preset--spacing--50)\" aria-hidden=\"true\" class=\"wp-block-spacer\"><\/div>\n","protected":false},"excerpt":{"rendered":"<p>\u00c4\u00e4nimaljahoidot \u00c4\u00e4nimaljahoito on koko kehon syv\u00e4rentouttava kokemus, jonka vaikutus perustuu resonanssiin eli my\u00f6t\u00e4v\u00e4r\u00e4htelyyn ja \u00e4\u00e4niaaltoihin. Valmennukset Kaipaatko uutta suuntaa?&nbsp;Haluatko vahvistaa itsetuntosi, kirkastaa tavoitteitasi tai l\u00f6yt\u00e4\u00e4 enemm\u00e4n iloa ja merkityksellisyytt\u00e4 arkeen? LCF-valmennus on tehokas ty\u00f6kalu oman potentiaalisi avaamiseen! Tulevat tapahtumat Panosta t\u00e4n\u00e4 syksyn\u00e4 omaan jaksamiseesi ja hyvinvointiisi. Katso tulevat tapahtumat t\u00e4\u00e4lt\u00e4 ja varaa paikkasi. Pitk\u00e4st\u00e4 kokemuksesta [&hellip;]<\/p>\n","protected":false},"author":1,"featured_media":0,"parent":0,"menu_order":0,"comment_status":"closed","ping_status":"closed","template":"page-no-title","meta":{"footnotes":""},"class_list":["post-2","page","type-page","status-publish","hentry"],"_links":{"self":[{"href":"https:\/\/sabbes.fi\/index.php?rest_route=\/wp\/v2\/pages\/2","targetHints":{"allow":["GET"]}}],"collection":[{"href":"https:\/\/sabbes.fi\/index.php?rest_route=\/wp\/v2\/pages"}],"about":[{"href":"https:\/\/sabbes.fi\/index.php?rest_route=\/wp\/v2\/types\/page"}],"author":[{"embeddable":true,"href":"https:\/\/sabbes.fi\/index.php?rest_route=\/wp\/v2\/users\/1"}],"replies":[{"embeddable":true,"href":"https:\/\/sabbes.fi\/index.php?rest_route=%2Fwp%2Fv2%2Fcomments&post=2"}],"version-history":[{"count":92,"href":"https:\/\/sabbes.fi\/index.php?rest_route=\/wp\/v2\/pages\/2\/revisions"}],"predecessor-version":[{"id":409,"href":"https:\/\/sabbes.fi\/index.php?rest_route=\/wp\/v2\/pages\/2\/revisions\/409"}],"wp:attachment":[{"href":"https:\/\/sabbes.fi\/index.php?rest_route=%2Fwp%2Fv2%2Fmedia&parent=2"}],"curies":[{"name":"wp","href":"https:\/\/api.w.org\/{rel}","templated":true}]}}