{"id":204,"date":"2024-12-20T07:45:36","date_gmt":"2024-12-20T07:45:36","guid":{"rendered":"https:\/\/sabbes.fi\/?page_id=204"},"modified":"2026-02-23T08:23:02","modified_gmt":"2026-02-23T08:23:02","slug":"ajankohtaista","status":"publish","type":"page","link":"https:\/\/sabbes.fi\/?page_id=204","title":{"rendered":"Ajankohtaista"},"content":{"rendered":"\n<p><\/p>\n\n\n\n<figure class=\"wp-block-image size-full is-resized\"><img loading=\"lazy\" decoding=\"async\" width=\"459\" height=\"720\" src=\"https:\/\/sabbes.fi\/wp-content\/uploads\/2025\/12\/Sabbes_natsida_Swetlik_2.12.2025.png\" alt=\"\" class=\"wp-image-432\" style=\"width:292px;height:auto\" srcset=\"https:\/\/sabbes.fi\/wp-content\/uploads\/2025\/12\/Sabbes_natsida_Swetlik_2.12.2025.png 459w, https:\/\/sabbes.fi\/wp-content\/uploads\/2025\/12\/Sabbes_natsida_Swetlik_2.12.2025-191x300.png 191w\" sizes=\"auto, (max-width: 459px) 100vw, 459px\" \/><\/figure>\n\n\n\n<h2 class=\"wp-block-heading\">Atelj\u00e9 von Swetlik<\/h2>\n\n\n\n<p>Tammisaaren kupeessa, aivan ihanassa linnamaisessa talossa on mahdollista tilata my\u00f6s sointukylpyrentoutus ryhm\u00e4lle. Voitte ensin ottaa opastetun kierroksen taiteen maagisessa maailmassa ja sen j\u00e4lkeen rentoutua sointujen \u00e4\u00e4niin.<\/p>\n\n\n\n<figure class=\"wp-block-gallery has-nested-images columns-default is-cropped wp-block-gallery-1 is-layout-flex wp-block-gallery-is-layout-flex\">\n<figure class=\"wp-block-image size-large\"><img loading=\"lazy\" decoding=\"async\" width=\"1024\" height=\"496\" data-id=\"436\" src=\"https:\/\/sabbes.fi\/wp-content\/uploads\/2026\/02\/Natsida_23.2.2026-1024x496.jpg\" alt=\"\" class=\"wp-image-436\" srcset=\"https:\/\/sabbes.fi\/wp-content\/uploads\/2026\/02\/Natsida_23.2.2026-1024x496.jpg 1024w, https:\/\/sabbes.fi\/wp-content\/uploads\/2026\/02\/Natsida_23.2.2026-300x145.jpg 300w, https:\/\/sabbes.fi\/wp-content\/uploads\/2026\/02\/Natsida_23.2.2026-768x372.jpg 768w, https:\/\/sabbes.fi\/wp-content\/uploads\/2026\/02\/Natsida_23.2.2026-1536x744.jpg 1536w, https:\/\/sabbes.fi\/wp-content\/uploads\/2026\/02\/Natsida_23.2.2026-2048x992.jpg 2048w\" sizes=\"auto, (max-width: 1024px) 100vw, 1024px\" \/><\/figure>\n<\/figure>\n\n\n\n<p>Ole yhteydess\u00e4 suoraan minuun tai <\/p>\n\n\n\n<p><a href=\"https:\/\/ateljevonswetlik.com\/suomi-privata-bokningar\/\" data-type=\"link\" data-id=\"https:\/\/ateljevonswetlik.com\/suomi-privata-bokningar\/\">https:\/\/ateljevonswetlik.com\/suomi-privata-bokningar\/<\/a><\/p>\n\n\n\n<h2 class=\"wp-block-heading\">Malmbacka<\/h2>\n\n\n\n<p>Tiesitk\u00f6, ett\u00e4 voit tilata ohjelmanumeroksi Sabbes \u00e4\u00e4nimaljahoidon tai workshopin ihanaan Malmbackaan. <\/p>\n\n\n\n<p>Lue lis\u00e4\u00e4 Malmbackasta:<br><a href=\"https:\/\/malmbacka.fi\/fi\/\" data-type=\"link\" data-id=\"https:\/\/malmbacka.fi\/fi\/\">https:\/\/malmbacka.fi\/fi\/<\/a><\/p>\n\n\n\n<figure class=\"wp-block-image size-large is-resized\"><img loading=\"lazy\" decoding=\"async\" width=\"1024\" height=\"683\" src=\"https:\/\/sabbes.fi\/wp-content\/uploads\/2025\/06\/Malmbacka-koshi-o-sabbes-1024x683.jpg\" alt=\"\" class=\"wp-image-231\" style=\"width:407px;height:auto\" srcset=\"https:\/\/sabbes.fi\/wp-content\/uploads\/2025\/06\/Malmbacka-koshi-o-sabbes-1024x683.jpg 1024w, https:\/\/sabbes.fi\/wp-content\/uploads\/2025\/06\/Malmbacka-koshi-o-sabbes-300x200.jpg 300w, https:\/\/sabbes.fi\/wp-content\/uploads\/2025\/06\/Malmbacka-koshi-o-sabbes-768x512.jpg 768w, https:\/\/sabbes.fi\/wp-content\/uploads\/2025\/06\/Malmbacka-koshi-o-sabbes-1536x1024.jpg 1536w, https:\/\/sabbes.fi\/wp-content\/uploads\/2025\/06\/Malmbacka-koshi-o-sabbes-2048x1365.jpg 2048w, https:\/\/sabbes.fi\/wp-content\/uploads\/2025\/06\/Malmbacka-koshi-o-sabbes-1200x800.jpg 1200w\" sizes=\"auto, (max-width: 1024px) 100vw, 1024px\" \/><\/figure>\n\n\n\n<p>Ole yhteydess\u00e4 minuun, jos t\u00e4m\u00e4 kiinnostaa, joko mailitse&nbsp;<a href=\"mailto:sabbesoyab@gmail.com\">sabbesoyab@gmail.com<\/a>&nbsp;tai puhelimitse +358 40 591 4848.<\/p>\n\n\n\n<p><a href=\"https:\/\/sabbes.fi\/\" data-type=\"page\" data-id=\"2\">Takaisin etusivulle<\/a><\/p>\n\n\n\n<div style=\"height:100px\" aria-hidden=\"true\" class=\"wp-block-spacer\"><\/div>\n\n\n\n<p><\/p>\n","protected":false},"excerpt":{"rendered":"<p>Atelj\u00e9 von Swetlik Tammisaaren kupeessa, aivan ihanassa linnamaisessa talossa on mahdollista tilata my\u00f6s sointukylpyrentoutus ryhm\u00e4lle. Voitte ensin ottaa opastetun kierroksen taiteen maagisessa maailmassa ja sen j\u00e4lkeen rentoutua sointujen \u00e4\u00e4niin. Ole yhteydess\u00e4 suoraan minuun tai https:\/\/ateljevonswetlik.com\/suomi-privata-bokningar\/ Malmbacka Tiesitk\u00f6, ett\u00e4 voit tilata ohjelmanumeroksi Sabbes \u00e4\u00e4nimaljahoidon tai workshopin ihanaan Malmbackaan. Lue lis\u00e4\u00e4 Malmbackasta:https:\/\/malmbacka.fi\/fi\/ Ole yhteydess\u00e4 minuun, jos t\u00e4m\u00e4 [&hellip;]<\/p>\n","protected":false},"author":1,"featured_media":0,"parent":0,"menu_order":0,"comment_status":"closed","ping_status":"closed","template":"","meta":{"footnotes":""},"class_list":["post-204","page","type-page","status-publish","hentry"],"_links":{"self":[{"href":"https:\/\/sabbes.fi\/index.php?rest_route=\/wp\/v2\/pages\/204","targetHints":{"allow":["GET"]}}],"collection":[{"href":"https:\/\/sabbes.fi\/index.php?rest_route=\/wp\/v2\/pages"}],"about":[{"href":"https:\/\/sabbes.fi\/index.php?rest_route=\/wp\/v2\/types\/page"}],"author":[{"embeddable":true,"href":"https:\/\/sabbes.fi\/index.php?rest_route=\/wp\/v2\/users\/1"}],"replies":[{"embeddable":true,"href":"https:\/\/sabbes.fi\/index.php?rest_route=%2Fwp%2Fv2%2Fcomments&post=204"}],"version-history":[{"count":32,"href":"https:\/\/sabbes.fi\/index.php?rest_route=\/wp\/v2\/pages\/204\/revisions"}],"predecessor-version":[{"id":437,"href":"https:\/\/sabbes.fi\/index.php?rest_route=\/wp\/v2\/pages\/204\/revisions\/437"}],"wp:attachment":[{"href":"https:\/\/sabbes.fi\/index.php?rest_route=%2Fwp%2Fv2%2Fmedia&parent=204"}],"curies":[{"name":"wp","href":"https:\/\/api.w.org\/{rel}","templated":true}]}}