{"id":35,"date":"2023-01-26T10:45:31","date_gmt":"2023-01-26T10:45:31","guid":{"rendered":"https:\/\/sabbes.fi\/?page_id=35"},"modified":"2025-09-12T19:59:19","modified_gmt":"2025-09-12T19:59:19","slug":"ratkaisukeskeinen-valmennus-lcf-life-coach","status":"publish","type":"page","link":"https:\/\/sabbes.fi\/?page_id=35","title":{"rendered":"Valmennus LCF Life Coach\u00ae"},"content":{"rendered":"\n<h2 class=\"wp-block-heading has-large-font-size\">Valmennuksen historia<\/h2>\n\n\n\n<p>Life Coachingin historia ulottuu Yhdysvaltoihin, jossa urheiluvalmennuksesta k\u00e4ytett\u00e4vi\u00e4 ty\u00f6kaluja ryhdyttiin hy\u00f6dynt\u00e4m\u00e4\u00e4n ihmisten henkil\u00f6kohtaisessa el\u00e4m\u00e4ss\u00e4. N\u00e4in siis syntyi life coaching eli el\u00e4m\u00e4ntaidonvalmennus, joka 2000-luvun alussa rantautui my\u00f6s Suomeen.<\/p>\n\n\n\n<h2 class=\"wp-block-heading has-large-font-size\">L\u00f6yd\u00e4 oma polkusi kohti parempaa el\u00e4m\u00e4\u00e4 &#8211; Valmennuksen avulla!<\/h2>\n\n\n\n<p><strong>Kaipaatko uutta suuntaa?<\/strong> Haluatko vahvistaa itsetuntoa, kirkastaa tavoitteita tai l\u00f6yt\u00e4\u00e4 enemm\u00e4n iloa ja merkityksellisyytt\u00e4 arkeen? Valmennus on tehokas ty\u00f6kalu oman potentiaalisi avaamiseen!<\/p>\n\n\n\n<p><strong>Valmennuksessa:<\/strong><\/p>\n\n\n\n<ul class=\"wp-block-list\">\n<li>Sukelletaan yhdess\u00e4 nykytilanteeseesi ja unelmiesi sy\u00f6vereihin<\/li>\n\n\n\n<li>Asetetaan inspiroivat tavoitteet, jotka sytytt\u00e4v\u00e4t sis\u00e4isen kipin\u00e4n<\/li>\n\n\n\n<li>Luodaan selke\u00e4 toimintasuunnitelma kohti parempaa tulevaisuutta<\/li>\n<\/ul>\n\n\n\n<p><strong>Valmennuksen hy\u00f6dyt:<\/strong><\/p>\n\n\n\n<ul class=\"wp-block-list\">\n<li>Vahvempi itseluottamus ja parempi itsetuntemus<\/li>\n\n\n\n<li>Kirkkaammat arvot ja selke\u00e4mpi el\u00e4m\u00e4n suunta<\/li>\n\n\n\n<li>Parantuneet ihmissuhteet ja vuorovaikutustaidot<\/li>\n\n\n\n<li>Lis\u00e4\u00e4ntynyt onnellisuus ja kokonaisvaltainen hyvinvointi<\/li>\n<\/ul>\n\n\n\n<div style=\"height:16px\" aria-hidden=\"true\" class=\"wp-block-spacer\"><\/div>\n\n\n\n<blockquote class=\"wp-block-quote is-layout-flow wp-block-quote-is-layout-flow\">\n<p>\u201cIsot muutokset vaikuttavat aina mahdottomilta siihen asti, kunnes ne tapahtuvat.\u201c<\/p>\n\n\n\n<p>\u2014 Nelson Mandela<\/p>\n<\/blockquote>\n\n\n\n<div style=\"height:16px\" aria-hidden=\"true\" class=\"wp-block-spacer\"><\/div>\n\n\n\n<h2 class=\"wp-block-heading has-large-font-size\">Ota rohkeasti askel kohti uutta!<\/h2>\n\n\n\n<p><strong>Yhteydenotto:<\/strong><\/p>\n\n\n\n<ul class=\"wp-block-list\">\n<li>S\u00e4hk\u00f6posti: sabbesoyab@gmail.com<\/li>\n\n\n\n<li>Puhelin: +358 40 591 4848<\/li>\n<\/ul>\n\n\n\n<p>Tapaamiset ovat tunnin mittaisia ja r\u00e4\u00e4t\u00e4l\u00f6id\u00e4\u00e4n tarpeisiisi. Yksi tapaaminen voi riitt\u00e4\u00e4, useimmiten sopiva kokonaisuus on 4 tapaamista 1\u20132 viikon v\u00e4lein. Tapaamiset voivat olla kasvotusten tai et\u00e4n\u00e4. L\u00f6yd\u00e4mme varmasti sinulle sopivan ratkaisun.<\/p>\n\n\n\n<p><strong>Psst!<\/strong> Kerron mielell\u00e4ni lis\u00e4\u00e4 valmennuksesta ja siit\u00e4, miten se voi auttaa juuri sinua. Olethan rohkeasti yhteydess\u00e4! <\/p>\n\n\n\n<p><strong>Muutos voi alkaa jo t\u00e4n\u00e4\u00e4n<\/strong>.<\/p>\n\n\n\n<div style=\"height:16px\" aria-hidden=\"true\" class=\"wp-block-spacer\"><\/div>\n\n\n\n<p><a href=\"https:\/\/sabbes.fi\/\" data-type=\"page\" data-id=\"2\">Takasin etusivulle<\/a><\/p>\n\n\n\n<div style=\"height:100px\" aria-hidden=\"true\" class=\"wp-block-spacer\"><\/div>\n","protected":false},"excerpt":{"rendered":"<p>Valmennuksen historia Life Coachingin historia ulottuu Yhdysvaltoihin, jossa urheiluvalmennuksesta k\u00e4ytett\u00e4vi\u00e4 ty\u00f6kaluja ryhdyttiin hy\u00f6dynt\u00e4m\u00e4\u00e4n ihmisten henkil\u00f6kohtaisessa el\u00e4m\u00e4ss\u00e4. N\u00e4in siis syntyi life coaching eli el\u00e4m\u00e4ntaidonvalmennus, joka 2000-luvun alussa rantautui my\u00f6s Suomeen. L\u00f6yd\u00e4 oma polkusi kohti parempaa el\u00e4m\u00e4\u00e4 &#8211; Valmennuksen avulla! Kaipaatko uutta suuntaa? Haluatko vahvistaa itsetuntoa, kirkastaa tavoitteita tai l\u00f6yt\u00e4\u00e4 enemm\u00e4n iloa ja merkityksellisyytt\u00e4 arkeen? Valmennus on [&hellip;]<\/p>\n","protected":false},"author":1,"featured_media":0,"parent":2,"menu_order":1,"comment_status":"closed","ping_status":"closed","template":"","meta":{"footnotes":""},"class_list":["post-35","page","type-page","status-publish","hentry"],"_links":{"self":[{"href":"https:\/\/sabbes.fi\/index.php?rest_route=\/wp\/v2\/pages\/35","targetHints":{"allow":["GET"]}}],"collection":[{"href":"https:\/\/sabbes.fi\/index.php?rest_route=\/wp\/v2\/pages"}],"about":[{"href":"https:\/\/sabbes.fi\/index.php?rest_route=\/wp\/v2\/types\/page"}],"author":[{"embeddable":true,"href":"https:\/\/sabbes.fi\/index.php?rest_route=\/wp\/v2\/users\/1"}],"replies":[{"embeddable":true,"href":"https:\/\/sabbes.fi\/index.php?rest_route=%2Fwp%2Fv2%2Fcomments&post=35"}],"version-history":[{"count":16,"href":"https:\/\/sabbes.fi\/index.php?rest_route=\/wp\/v2\/pages\/35\/revisions"}],"predecessor-version":[{"id":365,"href":"https:\/\/sabbes.fi\/index.php?rest_route=\/wp\/v2\/pages\/35\/revisions\/365"}],"up":[{"embeddable":true,"href":"https:\/\/sabbes.fi\/index.php?rest_route=\/wp\/v2\/pages\/2"}],"wp:attachment":[{"href":"https:\/\/sabbes.fi\/index.php?rest_route=%2Fwp%2Fv2%2Fmedia&parent=35"}],"curies":[{"name":"wp","href":"https:\/\/api.w.org\/{rel}","templated":true}]}}