{"id":48,"date":"2023-01-27T07:33:34","date_gmt":"2023-01-27T07:33:34","guid":{"rendered":"https:\/\/sabbes.fi\/?page_id=48"},"modified":"2025-09-12T19:59:35","modified_gmt":"2025-09-12T19:59:35","slug":"asiakkailta-saatu-palaute","status":"publish","type":"page","link":"https:\/\/sabbes.fi\/?page_id=48","title":{"rendered":"Asiakkailta saatu palaute"},"content":{"rendered":"\n<blockquote class=\"wp-block-quote is-layout-flow wp-block-quote-is-layout-flow\">\n<p>\u201cAmmattitaitoinen ja luottamusta her\u00e4tt\u00e4v\u00e4.\u201c<\/p>\n<\/blockquote>\n\n\n\n<blockquote class=\"wp-block-quote is-layout-flow wp-block-quote-is-layout-flow\">\n<p>\u201cKeskustelu oli helppoa ja eteenp\u00e4in viev\u00e4\u00e4.\u201c<\/p>\n<\/blockquote>\n\n\n\n<blockquote class=\"wp-block-quote is-layout-flow wp-block-quote-is-layout-flow\">\n<p>\u201cTodella rentouttava hoito.\u201c<\/p>\n<\/blockquote>\n\n\n\n<blockquote class=\"wp-block-quote is-layout-flow wp-block-quote-is-layout-flow\">\n<p>\u201cSain valmennuksesta paljon enemm\u00e4n kuin odotin.\u201c<\/p>\n<\/blockquote>\n\n\n\n<figure class=\"wp-block-image size-full has-custom-border is-style-default\"><img loading=\"lazy\" decoding=\"async\" width=\"2560\" height=\"2560\" src=\"https:\/\/sabbes.fi\/wp-content\/uploads\/2023\/07\/Valmentamo-474-edited-scaled.jpg\" alt=\"\" class=\"wp-image-98\" style=\"border-radius:20px\" srcset=\"https:\/\/sabbes.fi\/wp-content\/uploads\/2023\/07\/Valmentamo-474-edited-scaled.jpg 2560w, https:\/\/sabbes.fi\/wp-content\/uploads\/2023\/07\/Valmentamo-474-edited-300x300.jpg 300w, https:\/\/sabbes.fi\/wp-content\/uploads\/2023\/07\/Valmentamo-474-edited-1024x1024.jpg 1024w, https:\/\/sabbes.fi\/wp-content\/uploads\/2023\/07\/Valmentamo-474-edited-150x150.jpg 150w, https:\/\/sabbes.fi\/wp-content\/uploads\/2023\/07\/Valmentamo-474-edited-768x768.jpg 768w, https:\/\/sabbes.fi\/wp-content\/uploads\/2023\/07\/Valmentamo-474-edited-1536x1536.jpg 1536w, https:\/\/sabbes.fi\/wp-content\/uploads\/2023\/07\/Valmentamo-474-edited-2048x2048.jpg 2048w\" sizes=\"auto, (max-width: 2560px) 100vw, 2560px\" \/><\/figure>\n\n\n\n<div style=\"height:16px\" aria-hidden=\"true\" class=\"wp-block-spacer\"><\/div>\n\n\n\n<p><a href=\"https:\/\/sabbes.fi\/\" data-type=\"page\" data-id=\"2\">Takaisin etusivulle<\/a><\/p>\n\n\n\n<div style=\"height:100px\" aria-hidden=\"true\" class=\"wp-block-spacer\"><\/div>\n","protected":false},"excerpt":{"rendered":"<p>\u201cAmmattitaitoinen ja luottamusta her\u00e4tt\u00e4v\u00e4.\u201c \u201cKeskustelu oli helppoa ja eteenp\u00e4in viev\u00e4\u00e4.\u201c \u201cTodella rentouttava hoito.\u201c \u201cSain valmennuksesta paljon enemm\u00e4n kuin odotin.\u201c Takaisin etusivulle<\/p>\n","protected":false},"author":1,"featured_media":0,"parent":0,"menu_order":0,"comment_status":"closed","ping_status":"closed","template":"","meta":{"footnotes":""},"class_list":["post-48","page","type-page","status-publish","hentry"],"_links":{"self":[{"href":"https:\/\/sabbes.fi\/index.php?rest_route=\/wp\/v2\/pages\/48","targetHints":{"allow":["GET"]}}],"collection":[{"href":"https:\/\/sabbes.fi\/index.php?rest_route=\/wp\/v2\/pages"}],"about":[{"href":"https:\/\/sabbes.fi\/index.php?rest_route=\/wp\/v2\/types\/page"}],"author":[{"embeddable":true,"href":"https:\/\/sabbes.fi\/index.php?rest_route=\/wp\/v2\/users\/1"}],"replies":[{"embeddable":true,"href":"https:\/\/sabbes.fi\/index.php?rest_route=%2Fwp%2Fv2%2Fcomments&post=48"}],"version-history":[{"count":9,"href":"https:\/\/sabbes.fi\/index.php?rest_route=\/wp\/v2\/pages\/48\/revisions"}],"predecessor-version":[{"id":366,"href":"https:\/\/sabbes.fi\/index.php?rest_route=\/wp\/v2\/pages\/48\/revisions\/366"}],"wp:attachment":[{"href":"https:\/\/sabbes.fi\/index.php?rest_route=%2Fwp%2Fv2%2Fmedia&parent=48"}],"curies":[{"name":"wp","href":"https:\/\/api.w.org\/{rel}","templated":true}]}}