{"id":70,"date":"2023-03-02T10:58:23","date_gmt":"2023-03-02T10:58:23","guid":{"rendered":"https:\/\/sabbes.fi\/?page_id=70"},"modified":"2025-09-12T21:57:53","modified_gmt":"2025-09-12T21:57:53","slug":"aanimaljahoidot","status":"publish","type":"page","link":"https:\/\/sabbes.fi\/?page_id=70","title":{"rendered":"\u00c4\u00e4nimaljahoidot"},"content":{"rendered":"\n<figure class=\"wp-block-image size-full has-custom-border\"><img loading=\"lazy\" decoding=\"async\" width=\"1447\" height=\"2560\" src=\"https:\/\/sabbes.fi\/wp-content\/uploads\/2025\/08\/Mainokseen_7.8.2025-scaled.jpg\" alt=\"\" class=\"wp-image-246\" style=\"border-radius:20px\" srcset=\"https:\/\/sabbes.fi\/wp-content\/uploads\/2025\/08\/Mainokseen_7.8.2025-scaled.jpg 1447w, https:\/\/sabbes.fi\/wp-content\/uploads\/2025\/08\/Mainokseen_7.8.2025-170x300.jpg 170w, https:\/\/sabbes.fi\/wp-content\/uploads\/2025\/08\/Mainokseen_7.8.2025-579x1024.jpg 579w, https:\/\/sabbes.fi\/wp-content\/uploads\/2025\/08\/Mainokseen_7.8.2025-768x1358.jpg 768w, https:\/\/sabbes.fi\/wp-content\/uploads\/2025\/08\/Mainokseen_7.8.2025-868x1536.jpg 868w, https:\/\/sabbes.fi\/wp-content\/uploads\/2025\/08\/Mainokseen_7.8.2025-1158x2048.jpg 1158w, https:\/\/sabbes.fi\/wp-content\/uploads\/2025\/08\/Mainokseen_7.8.2025-1200x2122.jpg 1200w, https:\/\/sabbes.fi\/wp-content\/uploads\/2025\/08\/Mainokseen_7.8.2025-1980x3502.jpg 1980w\" sizes=\"auto, (max-width: 1447px) 100vw, 1447px\" \/><\/figure>\n\n\n\n<div style=\"height:16px\" aria-hidden=\"true\" class=\"wp-block-spacer\"><\/div>\n\n\n\n<p>\u00c4\u00e4nimaljahoito toimii syv\u00e4rentoutuksena. Vaikutus perustuu resonanssiin eli my\u00f6t\u00e4v\u00e4r\u00e4htelyyn ja \u00e4\u00e4niaaltoihin. \u00c4\u00e4nimaljahoito rentouttaa hoitaen lempe\u00e4sti sek\u00e4 kehoa, mielt\u00e4 ett\u00e4 sielua. \u00c4\u00e4niv\u00e4r\u00e4htelyt saavuttavat alueet minne hoitajan sormet eiv\u00e4t yll\u00e4. \u00c4\u00e4nimaljoja soitettaessa, maljojen v\u00e4r\u00e4htelyt rentouttavat kehomme jokaista lihasta, aina solutasolla asti. <\/p>\n\n\n\n<p>\u00c4\u00e4nimaljahoidon voi tehd\u00e4 <strong>yksil\u00f6hoitona<\/strong>, jolloin \u00e4\u00e4nimaljoja soitettaessa kehon p\u00e4\u00e4ll\u00e4, huomaat v\u00e4litt\u00f6m\u00e4t rentouttavat vaikutukset niin kehossa kuin mieless\u00e4.  Yksil\u00f6hoidossa \u00e4\u00e4nimaljoja soitetaan my\u00f6s kehon ymp\u00e4rill\u00e4.<\/p>\n\n\n\n<p>\u00c4\u00e4nimaljahoidon voi tehd\u00e4 <strong>parihoitona<\/strong>, jolloin hoidetaan kahta asiakasta yht\u00e4aikaa. Molemmat makaavat joogamatolla lattialla ja maljoja soitetaan molempien kehojen p\u00e4\u00e4ll\u00e4 sek\u00e4 kehon ymp\u00e4rill\u00e4. Parihoitoon voit tulla yst\u00e4v\u00e4si, kumppanisi, lapsesi tai puolisosi kanssa. \u00c4\u00e4nimaljojen \u00e4\u00e4ni ja v\u00e4r\u00e4htelyt viev\u00e4t teid\u00e4t tietoisuuden tasolta toiselle, kirkastaen mielt\u00e4 ja samalla rentouttaen kehoa.<\/p>\n\n\n\n<p><strong>\u00c4\u00e4nimaljarentoutus ryhmille<\/strong> sopii hyvin esimerkiksi rentoutusmenetelm\u00e4n\u00e4 ty\u00f6p\u00e4iv\u00e4n aikana, ty\u00f6p\u00e4iv\u00e4n j\u00e4lkeen tai yhteisen kurssin rentouttavaksi hetkeksi. \u00c4\u00e4nimaljarenotutus sopii kaikkiin tilanteisiin, joissa halutaan yhdess\u00e4 rauhoittua ja rentoutua. \u00c4\u00e4nimaljarentoutus ryhm\u00e4ss\u00e4 voi my\u00f6s toimia yhdess\u00e4 koetuksi el\u00e4mykseksi. <\/p>\n\n\n\n<p><strong>Kiinnostuitko! Olethan yhteydess\u00e4, voin kertoa sinulle lis\u00e4\u00e4. <\/strong><\/p>\n\n\n\n<p>Katsomme sinulle sopivimman vaihtoehdon. Voit olla yhteydess\u00e4 minuun joko mailitse&nbsp;<a href=\"mailto:sabbesoyab@gmail.com\">sabbesoyab@gmail.com<\/a>&nbsp;tai puhelimitse +358 40 591 4848.<\/p>\n\n\n\n<p><a href=\"https:\/\/sabbes.fi\/\" data-type=\"page\" data-id=\"2\">Takaisin etusivulle<\/a><\/p>\n\n\n\n<div style=\"height:100px\" aria-hidden=\"true\" class=\"wp-block-spacer\"><\/div>\n","protected":false},"excerpt":{"rendered":"<p>\u00c4\u00e4nimaljahoito toimii syv\u00e4rentoutuksena. Vaikutus perustuu resonanssiin eli my\u00f6t\u00e4v\u00e4r\u00e4htelyyn ja \u00e4\u00e4niaaltoihin. \u00c4\u00e4nimaljahoito rentouttaa hoitaen lempe\u00e4sti sek\u00e4 kehoa, mielt\u00e4 ett\u00e4 sielua. \u00c4\u00e4niv\u00e4r\u00e4htelyt saavuttavat alueet minne hoitajan sormet eiv\u00e4t yll\u00e4. \u00c4\u00e4nimaljoja soitettaessa, maljojen v\u00e4r\u00e4htelyt rentouttavat kehomme jokaista lihasta, aina solutasolla asti. \u00c4\u00e4nimaljahoidon voi tehd\u00e4 yksil\u00f6hoitona, jolloin \u00e4\u00e4nimaljoja soitettaessa kehon p\u00e4\u00e4ll\u00e4, huomaat v\u00e4litt\u00f6m\u00e4t rentouttavat vaikutukset niin kehossa kuin mieless\u00e4. [&hellip;]<\/p>\n","protected":false},"author":1,"featured_media":0,"parent":2,"menu_order":0,"comment_status":"closed","ping_status":"closed","template":"","meta":{"footnotes":""},"class_list":["post-70","page","type-page","status-publish","hentry"],"_links":{"self":[{"href":"https:\/\/sabbes.fi\/index.php?rest_route=\/wp\/v2\/pages\/70","targetHints":{"allow":["GET"]}}],"collection":[{"href":"https:\/\/sabbes.fi\/index.php?rest_route=\/wp\/v2\/pages"}],"about":[{"href":"https:\/\/sabbes.fi\/index.php?rest_route=\/wp\/v2\/types\/page"}],"author":[{"embeddable":true,"href":"https:\/\/sabbes.fi\/index.php?rest_route=\/wp\/v2\/users\/1"}],"replies":[{"embeddable":true,"href":"https:\/\/sabbes.fi\/index.php?rest_route=%2Fwp%2Fv2%2Fcomments&post=70"}],"version-history":[{"count":12,"href":"https:\/\/sabbes.fi\/index.php?rest_route=\/wp\/v2\/pages\/70\/revisions"}],"predecessor-version":[{"id":371,"href":"https:\/\/sabbes.fi\/index.php?rest_route=\/wp\/v2\/pages\/70\/revisions\/371"}],"up":[{"embeddable":true,"href":"https:\/\/sabbes.fi\/index.php?rest_route=\/wp\/v2\/pages\/2"}],"wp:attachment":[{"href":"https:\/\/sabbes.fi\/index.php?rest_route=%2Fwp%2Fv2%2Fmedia&parent=70"}],"curies":[{"name":"wp","href":"https:\/\/api.w.org\/{rel}","templated":true}]}}